{"id":5052,"date":"2022-11-08T23:11:13","date_gmt":"2022-11-08T23:11:13","guid":{"rendered":"https:\/\/pharaohreisen.com\/?post_type=product&#038;p=5052"},"modified":"2026-04-16T13:37:43","modified_gmt":"2026-04-16T13:37:43","slug":"city-tour-el-gouna","status":"publish","type":"product","link":"https:\/\/yallahurghada.com\/fr\/produit\/city-tour-el-gouna\/","title":{"rendered":"\"Tour de la Elgouna"},"content":{"rendered":"<h2>Overview<\/h2>\n<div data-track=\"overview\" data-v-682f2170=\"\">\n<section id=\"activity-overview\" class=\"activity-overview\" data-component=\"overview\" data-v-316219c4=\"\" data-v-682f2170=\"\">\n<div data-track=\"overview\" data-v-518fc7ba=\"\">\n<section id=\"activity-overview\" class=\"activity-overview\" data-component=\"overview\" data-v-316219c4=\"\" data-v-518fc7ba=\"\">\n<p class=\"activity-overview__content\" data-test-id=\"activity-overview-content\" data-v-316219c4=\"\">\"Visitez avec nous le magnifique resort d'El Gouna. El Gouna a \u00e9t\u00e9 construit sur la c\u00f4te de la mer Rouge sur de petites \u00eeles et est connu pour ses belles plages et ses r\u00e9cifs. Probablement le plus beau lieu pour s\u00e9journer est la marina avec les yachts et ses agr\u00e9ables caf\u00e9s et bars. Vous naviguerez pendant une heure en bateau \u00e0 travers les lagunes et exp\u00e9rimenterez l'atmosph\u00e8re unique de l'endroit. Ensuite, visitez la Marina, la mosqu\u00e9e et profitez d'une vue \u00e0 couper le souffle depuis la Tour d'El Gouna.<\/p>\n<div class=\"col-md-7\">\n<p class=\"p2-text space\">El Gouna est sans doute un joyau de la c\u00f4te de la mer Rouge, une Riviera fran\u00e7aise de l'\u00c9gypte, o\u00f9 les beaux yachts et l'architecture unique vous font sentir comme si vous marchiez dans une carte postale. La ville a \u00e9t\u00e9 \u00e9tablie par le tycoon des t\u00e9l\u00e9communications Samir Sawires qui avait une vision de b\u00e2tir une ville de vacances parfaite. Et c'est exactement ce qu'il a fait.\"<\/p>\n<\/div>\n<h3 class=\"activity-overview__content\" data-test-id=\"activity-overview-content\">\"Points forts de la tourn\u00e9e\"<\/h3>\n<\/section>\n<\/div>\n<\/section>\n<\/div>\n<ul>\n<li>Profitez d'une visite guid\u00e9e de la ville d'El Gouna<\/li>\n<li>Admirez les yachts dans le port d'Abu Tig Marina<\/li>\n<li>Entrez dans la Tour d'El Gouna et appr\u00e9ciez les vues magnifiques de la r\u00e9gion environnante<\/li>\n<li>Visitez l'Aquarium d'El Gouna et la place de Tamr Henna<\/li>\n<li>Faites une promenade entre les lagunes pittoresques d'El Gouna<\/li>\n<\/ul>\n<div data-wpcr3-content=\"-1\"><div class='wpcr3_respond_1' data-ajaxurl='[\"https:||yallahurghada\",\"com|wp-admin|admin-ajax\",\"php?action=wpcr3-ajax\"]' data-on-postid='5052'data-postid='-1'><div class=\"wpcr3_reviews_holder\"><div class=\"wpcr3_review_item\"><div class=\"wpcr3_item wpcr3_business\" itemscope itemtype=\"https:\/\/schema.org\/LocalBusiness\"><meta itemprop=\"name\" content=\"Yalla Hurghada\" \/><meta itemprop=\"url\" content=\"https:\/\/yallahurghada.com\/fr\" \/><meta itemprop=\"image\" content=\"https:\/\/yallahurghada.com\/wp-content\/plugins\/wp-customer-reviews\/css\/1x1.png\" \/><div class=\"wpcr3_dotline\"><\/div><div id=\"wpcr3_id_5296\" class=\"wpcr3_review\" itemprop=\"review\" itemscope itemtype=\"https:\/\/schema.org\/Review\"><div class=\"wpcr3_hide\" itemprop=\"author\" itemscope itemtype=\"https:\/\/schema.org\/Person\"><div itemprop=\"name\">Afaf Reslan<\/div><\/div><div class=\"wpcr3_hide\" itemprop=\"reviewRating\" itemscope itemtype=\"https:\/\/schema.org\/Rating\"><meta itemprop=\"bestRating\" content=\"5\" \/><meta itemprop=\"worstRating\" content=\"1\" \/><meta itemprop=\"ratingValue\" content=\"5\" \/><\/div><div class=\"wpcr3_review_ratingValue\"><div class=\"wpcr3_rating_style1\"><div class=\"wpcr3_rating_style1_base\"><div class=\"wpcr3_rating_style1_average\" style=\"width:100%;\"><\/div><\/div><\/div><\/div><div class=\"wpcr3_review_datePublished\" itemprop=\"datePublished\">Jan 7, 2023<\/div><div class=\"wpcr3_review_author\">&nbsp;by&nbsp;<span class=\"wpcr3_caps\">Afaf Reslan<\/span>&nbsp;on&nbsp;<span class=\"wpcr3_item_name\"><a href=\"https:\/\/yallahurghada.com\/fr\/produit\/city-tour-hurghada\/\">Yalla Hurghada<\/a><\/span><\/div><div class=\"wpcr3_clear\"><\/div><div class=\"wpcr3_review_title wpcr3_caps\">Super Zufrieden<\/div><div class=\"wpcr3_clear\"><\/div><blockquote class=\"wpcr3_content\" itemprop=\"reviewBody\"><p>Sehr freundlich! Ich bin sehr zufrieden und kann die Seite nur weiterempfehlen!<\/p><\/blockquote><\/div><\/div><\/div><div class=\"wpcr3_review_item\"><div class=\"wpcr3_item wpcr3_business\" itemscope itemtype=\"https:\/\/schema.org\/LocalBusiness\"><meta itemprop=\"name\" content=\"Yalla Hurghada\" \/><meta itemprop=\"url\" content=\"https:\/\/yallahurghada.com\/fr\" \/><meta itemprop=\"image\" content=\"https:\/\/yallahurghada.com\/wp-content\/plugins\/wp-customer-reviews\/css\/1x1.png\" \/><div class=\"wpcr3_dotline\"><\/div><div id=\"wpcr3_id_5295\" class=\"wpcr3_review\" itemprop=\"review\" itemscope itemtype=\"https:\/\/schema.org\/Review\"><div class=\"wpcr3_hide\" itemprop=\"author\" itemscope itemtype=\"https:\/\/schema.org\/Person\"><div itemprop=\"name\">Fatima<\/div><\/div><div class=\"wpcr3_hide\" itemprop=\"reviewRating\" itemscope itemtype=\"https:\/\/schema.org\/Rating\"><meta itemprop=\"bestRating\" content=\"5\" \/><meta itemprop=\"worstRating\" content=\"1\" \/><meta itemprop=\"ratingValue\" content=\"5\" \/><\/div><div class=\"wpcr3_review_ratingValue\"><div class=\"wpcr3_rating_style1\"><div class=\"wpcr3_rating_style1_base\"><div class=\"wpcr3_rating_style1_average\" style=\"width:100%;\"><\/div><\/div><\/div><\/div><div class=\"wpcr3_review_datePublished\" itemprop=\"datePublished\">Dec 24, 2022<\/div><div class=\"wpcr3_review_author\">&nbsp;by&nbsp;<span class=\"wpcr3_caps\">Fatima<\/span>&nbsp;on&nbsp;<span class=\"wpcr3_item_name\"><a href=\"https:\/\/yallahurghada.com\/fr\/produit\/city-tour-hurghada\/\">Yalla Hurghada<\/a><\/span><\/div><div class=\"wpcr3_clear\"><\/div><div class=\"wpcr3_clear\"><\/div><blockquote class=\"wpcr3_content\" itemprop=\"reviewBody\"><p>Meine Freundin und ich haben uns spontan f\u00fcr eine Stadtrundfahrt entscheiden. Der Reisef\u00fchrer kannte sich sehr gut aus. Es hat sehr Spa\u00df gemacht und wir haben viel gelacht. Ich kann die Tour nur weiterempfehlen und w\u00fcrde das n\u00e4chste Mal auch wiederholen!<\/p><\/blockquote><\/div><\/div><\/div><div class=\"wpcr3_review_item\"><div class=\"wpcr3_item wpcr3_product\" itemscope itemtype=\"https:\/\/schema.org\/Product\"><meta itemprop=\"name\" content=\"Yalla Hurghada\" \/><meta itemprop=\"brand\" content=\"\" \/><meta itemprop=\"productID\" content=\"\" \/><meta itemprop=\"image\" content=\"https:\/\/yallahurghada.com\/wp-content\/plugins\/wp-customer-reviews\/css\/1x1.png\" \/><div class=\"wpcr3_dotline\"><\/div><div id=\"wpcr3_id_5294\" class=\"wpcr3_review\" itemprop=\"review\" itemscope itemtype=\"https:\/\/schema.org\/Review\"><div class=\"wpcr3_hide\" itemprop=\"author\" itemscope itemtype=\"https:\/\/schema.org\/Person\"><div itemprop=\"name\">Adrian Lukas<\/div><\/div><div class=\"wpcr3_hide\" itemprop=\"reviewRating\" itemscope itemtype=\"https:\/\/schema.org\/Rating\"><meta itemprop=\"bestRating\" content=\"5\" \/><meta itemprop=\"worstRating\" content=\"1\" \/><meta itemprop=\"ratingValue\" content=\"5\" \/><\/div><div class=\"wpcr3_review_ratingValue\"><div class=\"wpcr3_rating_style1\"><div class=\"wpcr3_rating_style1_base\"><div class=\"wpcr3_rating_style1_average\" style=\"width:100%;\"><\/div><\/div><\/div><\/div><div class=\"wpcr3_review_datePublished\" itemprop=\"datePublished\">Dec 24, 2022<\/div><div class=\"wpcr3_review_author\">&nbsp;by&nbsp;<span class=\"wpcr3_caps\">Adrian Lukas<\/span>&nbsp;on&nbsp;<span class=\"wpcr3_item_name\"><a href=\"https:\/\/yallahurghada.com\/fr\/produit\/mahmya-island\/\">Yalla Hurghada<\/a><\/span><\/div><div class=\"wpcr3_clear\"><\/div><div class=\"wpcr3_review_title wpcr3_caps\">Mega Ausfl\u00fcge \ud83d\udc4c\ud83d\udc4c\ud83d\udc4c\ud83d\udc4c<\/div><div class=\"wpcr3_clear\"><\/div><blockquote class=\"wpcr3_content\" itemprop=\"reviewBody\"><p>Richtig perfekt Qualit\u00e4t und Best Preis \ud83d\udc4c\ud83d\udc4c\ud83d\udc4c\ud83d\udc4c<\/p><\/blockquote><\/div><\/div><\/div><div class=\"wpcr3_review_item\"><div class=\"wpcr3_item wpcr3_product\" itemscope itemtype=\"https:\/\/schema.org\/Product\"><meta itemprop=\"name\" content=\"Yalla Hurghada\" \/><meta itemprop=\"brand\" content=\"\" \/><meta itemprop=\"productID\" content=\"\" \/><meta itemprop=\"image\" content=\"https:\/\/yallahurghada.com\/wp-content\/plugins\/wp-customer-reviews\/css\/1x1.png\" \/><div class=\"wpcr3_dotline\"><\/div><div id=\"wpcr3_id_5292\" class=\"wpcr3_review\" itemprop=\"review\" itemscope itemtype=\"https:\/\/schema.org\/Review\"><div class=\"wpcr3_hide\" itemprop=\"author\" itemscope itemtype=\"https:\/\/schema.org\/Person\"><div itemprop=\"name\">Rgg<\/div><\/div><div class=\"wpcr3_hide\" itemprop=\"reviewRating\" itemscope itemtype=\"https:\/\/schema.org\/Rating\"><meta itemprop=\"bestRating\" content=\"5\" \/><meta itemprop=\"worstRating\" content=\"1\" \/><meta itemprop=\"ratingValue\" content=\"5\" \/><\/div><div class=\"wpcr3_review_ratingValue\"><div class=\"wpcr3_rating_style1\"><div class=\"wpcr3_rating_style1_base\"><div class=\"wpcr3_rating_style1_average\" style=\"width:100%;\"><\/div><\/div><\/div><\/div><div class=\"wpcr3_review_datePublished\" itemprop=\"datePublished\">Dec 15, 2022<\/div><div class=\"wpcr3_review_author\">&nbsp;by&nbsp;<span class=\"wpcr3_caps\">Rgg<\/span>&nbsp;on&nbsp;<span class=\"wpcr3_item_name\"><a href=\"https:\/\/yallahurghada.com\/fr\/produit\/mahmya-island\/\">Yalla Hurghada<\/a><\/span><\/div><div class=\"wpcr3_clear\"><\/div><div class=\"wpcr3_review_title wpcr3_caps\">Perfect<\/div><div class=\"wpcr3_clear\"><\/div><blockquote class=\"wpcr3_content\" itemprop=\"reviewBody\"><p>Best of the best<\/p><\/blockquote><\/div><\/div><\/div><div class=\"wpcr3_review_item\"><\/div><\/div><\/div><\/div>","protected":false},"excerpt":{"rendered":"<p>Overview Visit with us the beautiful resort of El Gouna. El Gouna was built on the coast of the Red Sea on small islands and is known for his beautiful beaches and reefs. Probably the most beautiful place to stay is the marina with the yachts and his nice cafe&#8217;s and bars. You will sail [&hellip;]<\/p>","protected":false},"featured_media":12752,"comment_status":"closed","ping_status":"closed","template":"","meta":{"om_disable_all_campaigns":false},"product_brand":[],"product_cat":[46,45],"product_tag":[92,91,94,93],"class_list":{"0":"post-5052","1":"product","2":"type-product","3":"status-publish","4":"has-post-thumbnail","6":"product_cat-cultural-trips","7":"product_cat-daily-trips","8":"product_tag-city","9":"product_tag-city-tour","10":"product_tag-hurghada","11":"product_tag-tour","13":"first","14":"instock","15":"sale","16":"shipping-taxable","17":"purchasable","18":"product-type-ovabrw_car_rental"},"aioseo_notices":[],"_links":{"self":[{"href":"https:\/\/yallahurghada.com\/fr\/wp-json\/wp\/v2\/product\/5052","targetHints":{"allow":["GET"]}}],"collection":[{"href":"https:\/\/yallahurghada.com\/fr\/wp-json\/wp\/v2\/product"}],"about":[{"href":"https:\/\/yallahurghada.com\/fr\/wp-json\/wp\/v2\/types\/product"}],"replies":[{"embeddable":true,"href":"https:\/\/yallahurghada.com\/fr\/wp-json\/wp\/v2\/comments?post=5052"}],"wp:featuredmedia":[{"embeddable":true,"href":"https:\/\/yallahurghada.com\/fr\/wp-json\/wp\/v2\/media\/12752"}],"wp:attachment":[{"href":"https:\/\/yallahurghada.com\/fr\/wp-json\/wp\/v2\/media?parent=5052"}],"wp:term":[{"taxonomy":"product_brand","embeddable":true,"href":"https:\/\/yallahurghada.com\/fr\/wp-json\/wp\/v2\/product_brand?post=5052"},{"taxonomy":"product_cat","embeddable":true,"href":"https:\/\/yallahurghada.com\/fr\/wp-json\/wp\/v2\/product_cat?post=5052"},{"taxonomy":"product_tag","embeddable":true,"href":"https:\/\/yallahurghada.com\/fr\/wp-json\/wp\/v2\/product_tag?post=5052"}],"curies":[{"name":"wp","href":"https:\/\/api.w.org\/{rel}","templated":true}]}}