{"id":4641,"date":"2022-11-01T22:57:05","date_gmt":"2022-11-01T22:57:05","guid":{"rendered":"https:\/\/pharaohreisen.com\/?post_type=product&#038;p=4641"},"modified":"2026-04-14T10:13:09","modified_gmt":"2026-04-14T10:13:09","slug":"cairo-one-day","status":"publish","type":"product","link":"https:\/\/yallahurghada.com\/fr\/produit\/cairo-one-day\/","title":{"rendered":"une journ\u00e9e au Caire"},"content":{"rendered":"<h5>\n<table id=\"tablepress-1\" class=\"tablepress tablepress-id-1\">\n<thead>\n<tr class=\"row-1\">\n\t<th class=\"column-1\">Nombre de passagers<br \/>\n<\/th><th class=\"column-2\">V\u00e9hicule<br \/>\n<\/th><th class=\"column-3\">Prix<br \/>\n<\/th>\n<\/tr>\n<\/thead>\n<tbody class=\"row-striping row-hover\">\n<tr class=\"row-2\">\n\t<td class=\"column-1\">Groupe priv\u00e9 1-2 personnes<br \/>\n<\/td><td class=\"column-2\">LIMO<br \/>\n<\/td><td class=\"column-3\">199 Euro<br \/>\n<\/td>\n<\/tr>\n<tr class=\"row-3\">\n\t<td class=\"column-1\">Groupe priv\u00e9 3-4 personnes<br \/>\n<\/td><td class=\"column-2\">MINI BUS<br \/>\n<\/td><td class=\"column-3\">179 Euro<br \/>\n<\/td>\n<\/tr>\n<tr class=\"row-4\">\n\t<td class=\"column-1\">Groupe priv\u00e9 5-6 personnes<br \/>\n<\/td><td class=\"column-2\">MINI BUS<br \/>\n<\/td><td class=\"column-3\">159 Euro<br \/>\n<\/td>\n<\/tr>\n<\/tbody>\n<\/table>\n<!-- #tablepress-1 from cache --><\/h5>\n<h2>Overview<\/h2>\n<div data-track=\"overview\" data-v-682f2170=\"\">\n<section id=\"activity-overview\" class=\"activity-overview\" data-component=\"overview\" data-v-316219c4=\"\" data-v-682f2170=\"\">\n<p class=\"activity-overview__content activity-overview__content--certified\" data-test-id=\"activity-overview-content\" data-v-316219c4=\"\">Visitez Le Caire, capitale de l'\u00c9gypte, visitez les pyramides de Gizeh, naviguez sur le Nil. Vous pouvez visiter les pyramides de Gizeh, le mus\u00e9e \u00e9gyptien avec les tr\u00e9sors du roi Tout\u00e2nkhamon et le vieux bazar Khan el Khalili en une journ\u00e9e d'excursion en bus ou en avion depuis Hurghada. Si vous souhaitez en savoir plus sur la plus grande ville arabe, vous pouvez choisir deux jours d'excursions avec nuit\u00e9e au M\u00e9ridien Pyramides, ouvrez la fen\u00eatre de votre h\u00f4tel et admirez les pyramides de Gizeh et le Sphinx. Souhaitez-vous s\u00e9journer plus longtemps au Caire ? Visitez Memphis, Sakkara, Dahchour, Me\u00efdoum, le Fayoum, Alexandrie, nous pouvons vous aider pour toutes les visites au Caire depuis Hurghada.<\/p>\n<\/section>\n<\/div>\n<div data-track=\"key-details\" data-v-682f2170=\"\">\n<div data-track=\"overview\" data-v-682f2170=\"\">\n<section id=\"activity-overview\" class=\"activity-overview\" data-component=\"overview\" data-v-316219c4=\"\" data-v-682f2170=\"\">\n<div data-track=\"overview\" data-v-48163eac=\"\">\n<section id=\"activity-overview\" class=\"activity-overview activity-overview--certified\" data-component=\"overview\" data-v-316219c4=\"\" data-v-48163eac=\"\">\n<p class=\"activity-overview__content activity-overview__content--certified\" data-test-id=\"activity-overview-content\" data-v-316219c4=\"\"><strong>Explorez la capitale de l'\u00c9gypte lors d'une visite guid\u00e9e d'une journ\u00e9e de Le Caire et du plateau de Gizeh. Visitez les grandes pyramides de Gizeh, d\u00e9couvrez des antiquit\u00e9s au mus\u00e9e \u00e9gyptien et apprenez l'histoire avec votre guide local.<\/strong><\/p>\n<p data-test-id=\"activity-overview-content\" data-v-316219c4=\"\"><strong>Juste parce que vous \u00eates \u00e0 Hurghada ne signifie pas que vous devez manquer les points forts anciens de Le Caire. Cette visite en bus vous emm\u00e8ne loin de la ville de station baln\u00e9aire jusqu'\u00e0 la capitale \u00e9gyptienne pour une journ\u00e9e de d\u00e9couverte. Voyez les pyramides de Gizeh, le Sphinx et des milliers d'artefacts, comme le masque dor\u00e9 du roi Tut, au mus\u00e9e \u00e9gyptien. Un d\u00e9licieux d\u00e9jeuner et du temps au bazar local sont \u00e9galement inclus.<\/strong><\/p>\n<\/section>\n<\/div>\n<\/section>\n<\/div>\n<\/div>\n<div class=\"tour-include\"><\/div>\n<p>\"Points forts de la tourn\u00e9e\"<\/p>\n<ul>\n<li>\"Excursion d'une journ\u00e9e compl\u00e8te au Caire depuis Hurghada<\/li>\n<li>Visitez les principaux sites avec un guide local<\/li>\n<li>\u00a0La grande pyramide de Gizeh<\/li>\n<li>Visitez le mus\u00e9e \u00e9gyptien<\/li>\n<li>Profitez d'une vue panoramique des 3 pyramides de Gizeh<\/li>\n<li>Ramassage et d\u00e9p\u00f4t \u00e0 l'h\u00f4tel \u00e0 Hurghada<\/li>\n<li>Inclut toutes les frais d'entr\u00e9e et le d\u00e9jeuner\"<\/li>\n<\/ul>\n<p>&nbsp;<\/p>","protected":false},"excerpt":{"rendered":"<p>Overview Visit Cairo the capital of Egypt, Visit Giza Pyramids, Sail over the Nile. You can Visit the Pyramids of Giza ,the Egyptian Museum with the treasures of the King Tutankhamun and the old bazaar Khan el khalil in One day Excursion by Bus or Flight from Hurghada If you would like to know more [&hellip;]<\/p>","protected":false},"featured_media":12572,"comment_status":"closed","ping_status":"closed","template":"","meta":{"om_disable_all_campaigns":false},"product_brand":[],"product_cat":[46,45],"product_tag":[56,57,58,59],"class_list":{"0":"post-4641","1":"product","2":"type-product","3":"status-publish","4":"has-post-thumbnail","6":"product_cat-cultural-trips","7":"product_cat-daily-trips","8":"product_tag-cairo","9":"product_tag-cairo-trip","10":"product_tag-pyramids","11":"product_tag-sphinx","13":"first","14":"instock","15":"sale","16":"shipping-taxable","17":"purchasable","18":"product-type-ovabrw_car_rental"},"aioseo_notices":[],"_links":{"self":[{"href":"https:\/\/yallahurghada.com\/fr\/wp-json\/wp\/v2\/product\/4641","targetHints":{"allow":["GET"]}}],"collection":[{"href":"https:\/\/yallahurghada.com\/fr\/wp-json\/wp\/v2\/product"}],"about":[{"href":"https:\/\/yallahurghada.com\/fr\/wp-json\/wp\/v2\/types\/product"}],"replies":[{"embeddable":true,"href":"https:\/\/yallahurghada.com\/fr\/wp-json\/wp\/v2\/comments?post=4641"}],"wp:featuredmedia":[{"embeddable":true,"href":"https:\/\/yallahurghada.com\/fr\/wp-json\/wp\/v2\/media\/12572"}],"wp:attachment":[{"href":"https:\/\/yallahurghada.com\/fr\/wp-json\/wp\/v2\/media?parent=4641"}],"wp:term":[{"taxonomy":"product_brand","embeddable":true,"href":"https:\/\/yallahurghada.com\/fr\/wp-json\/wp\/v2\/product_brand?post=4641"},{"taxonomy":"product_cat","embeddable":true,"href":"https:\/\/yallahurghada.com\/fr\/wp-json\/wp\/v2\/product_cat?post=4641"},{"taxonomy":"product_tag","embeddable":true,"href":"https:\/\/yallahurghada.com\/fr\/wp-json\/wp\/v2\/product_tag?post=4641"}],"curies":[{"name":"wp","href":"https:\/\/api.w.org\/{rel}","templated":true}]}}