{"id":4609,"date":"2022-11-01T21:25:03","date_gmt":"2022-11-01T21:25:03","guid":{"rendered":"https:\/\/pharaohreisen.com\/?post_type=product&#038;p=4609"},"modified":"2026-04-14T10:34:54","modified_gmt":"2026-04-14T10:34:54","slug":"aswan-one-day","status":"publish","type":"product","link":"https:\/\/yallahurghada.com\/fr\/produit\/aswan-one-day\/","title":{"rendered":"Excursion d'une journ\u00e9e \u00e0 Assouan"},"content":{"rendered":"<h2>Overview<\/h2>\n<div data-track=\"overview\" data-v-682f2170=\"\">\n<section id=\"activity-overview\" class=\"activity-overview\" data-component=\"overview\" data-v-316219c4=\"\" data-v-682f2170=\"\">D\u00e9couvrez la culture nubienne lors d'une excursion priv\u00e9e d'une journ\u00e9e \u00e0 Assouan avec un guide \u00e9gyptologue. Visitez le Haut Barrage d'Assouan, le Temple de Philae et l'ob\u00e9lisque inachev\u00e9. Savourez un d\u00e9jeuner dans un restaurant local et profitez de la prise en charge et du retour \u00e0 l'h\u00f4tel inclus.<\/section>\n<\/div>\n<div data-track=\"key-details\" data-v-682f2170=\"\"><\/div>\n<div class=\"tour-include\"><\/div>\n<p>\"Points forts de la tourn\u00e9e\"<\/p>\n<ul>\n<li>\"Excursion d'une journ\u00e9e compl\u00e8te au Assouan depuis Hurghada<\/li>\n<li>Visitez les principaux sites avec un guide local<\/li>\n<li>Visite du Haut Barrage et de l'Ob\u00e9lisque inachev\u00e9<\/li>\n<li>Prise en charge et retour aux h\u00f4tels de Hurghada<\/li>\n<li>Ramassage et d\u00e9p\u00f4t \u00e0 l'h\u00f4tel \u00e0 Hurghada<\/li>\n<li>Inclut toutes les frais d'entr\u00e9e et le d\u00e9jeuner\"<\/li>\n<\/ul>\n<div data-wpcr3-content=\"4609\"><div class='wpcr3_respond_1 wpcr3_in_content' data-ajaxurl='[\"https:||yallahurghada\",\"com|wp-admin|admin-ajax\",\"php?action=wpcr3-ajax\"]' data-on-postid='4609'data-postid='4609'><div class=\"wpcr3_respond_2\"><div class=\"wpcr3_div_2\"><table class=\"wpcr3_table_2\"><tbody><tr><td colspan=\"2\"><div class=\"wpcr3_leave_text\">Soumettez votre avis<\/div><\/td><\/tr><tr class=\"wpcr3_review_form_text_field\"><td><label for=\"wpcr3_fname\" class=\"comment-field\">Nom * <\/label><\/td><td><input maxlength=\"150\" class=\"text-input wpcr3_required\" type=\"text\" id=\"wpcr3_fname\" name=\"wpcr3_fname\" value=\"\" \/><\/td><\/tr><tr class=\"wpcr3_review_form_text_field\"><td><label for=\"wpcr3_femail\" class=\"comment-field\">Email: <\/label><\/td><td><input maxlength=\"150\" class=\"text-input wpcr3_required\" type=\"text\" id=\"wpcr3_femail\" name=\"wpcr3_femail\" value=\"\" \/><\/td><\/tr><tr class=\"wpcr3_review_form_text_field\"><td><label for=\"wpcr3_ftitle\" class=\"comment-field\">Titre de l'avis : <\/label><\/td><td><input maxlength=\"150\" class=\"text-input\" type=\"text\" id=\"wpcr3_ftitle\" name=\"wpcr3_ftitle\" value=\"\" \/><\/td><\/tr><tr class=\"wpcr3_review_form_rating_field\"><td><label for=\"id_wpcr3_frating\" class=\"comment-field\">Note : <\/label><\/td><td><div class=\"wpcr3_rating_stars\"><div class=\"wpcr3_rating_style1\"><div class=\"wpcr3_rating_style1_status\"><div class=\"wpcr3_rating_style1_score\"><div class=\"wpcr3_rating_style1_score1\">1<\/div><div class=\"wpcr3_rating_style1_score2\">2<\/div><div class=\"wpcr3_rating_style1_score3\">3<\/div><div class=\"wpcr3_rating_style1_score4\">4<\/div><div class=\"wpcr3_rating_style1_score5\">5<\/div><\/div><\/div><div class=\"wpcr3_rating_style1_base wpcr3_hide\"><div class=\"wpcr3_rating_style1_average\" style=\"width:0%;\"><\/div><\/div><\/div><\/div><input style=\"display:none;\" type=\"hidden\" class=\"wpcr3_required wpcr3_frating\" id=\"id_wpcr3_frating\"name=\"wpcr3_frating\" \/><\/td><\/tr><tr class=\"wpcr3_review_form_review_field_label\"><td colspan=\"2\"><label for=\"id_wpcr3_ftext\" class=\"comment-field\">Avis <\/label><\/td><\/tr><tr class=\"wpcr3_review_form_review_field_textarea\"><td colspan=\"2\"><textarea class=\"wpcr3_required wpcr3_ftext\" id=\"id_wpcr3_ftext\" name=\"wpcr3_ftext\" rows=\"8\"cols=\"50\"><\/textarea><\/td><\/tr><tr><td colspan=\"2\" class=\"wpcr3_check_confirm\"><div class=\"wpcr3_clear\"><\/div><input type=\"hidden\" name=\"wpcr3_postid\" value=\"4609\" \/><input type=\"text\" class=\"wpcr3_fakehide wpcr3_fake_website\" name=\"website\" \/><input type=\"text\" class=\"wpcr3_fakehide wpcr3_fake_url\" name=\"url\" \/><input type=\"checkbox\" class=\"wpcr3_fakehide wpcr3_fconfirm1\" name=\"wpcr3_fconfirm1\" value=\"1\" \/><label><input type=\"checkbox\" name=\"wpcr3_fconfirm2\" class=\"wpcr3_fconfirm2\" value=\"1\" \/>&nbsp; \"Cochez cette case pour confirmer que vous \u00eates humain.<\/label><input type=\"checkbox\" class=\"wpcr3_fakehide wpcr3_fconfirm3\" name=\"wpcr3_fconfirm3\" checked=\"checked\" value=\"1\" \/><\/td><\/tr><tr><td colspan=\"2\"><div class=\"wpcr3_button_1 wpcr3_submit_btn\">Soumettre<\/div>&nbsp;&nbsp;&nbsp;&nbsp;&nbsp;<div class=\"wpcr3_button_1 wpcr3_cancel_btn\">Annuler<\/div><\/td><\/tr><\/tbody><\/table><\/div><\/div><div class=\"wpcr3_clear wpcr3_pb5\"><\/div><div class=\"wpcr3_respond_3\"><p><div class=\"wpcr3_button_1 wpcr3_show_btn\">Cr\u00e9ez votre propre avis<\/div><\/p><\/div><div class=\"wpcr3_dotline\"><\/div><div class=\"wpcr3_reviews_holder\"><div class=\"wpcr3_review_item\"><div class=\"wpcr3_item wpcr3_business\" itemscope itemtype=\"https:\/\/schema.org\/LocalBusiness\"><div class=\"wpcr3_item_name\">Yalla Hurghada<\/div><meta itemprop=\"name\" content=\"Yalla Hurghada\" \/><meta itemprop=\"url\" content=\"https:\/\/yallahurghada.com\/fr\" \/><meta itemprop=\"image\" content=\"https:\/\/yallahurghada.com\/wp-content\/plugins\/wp-customer-reviews\/css\/1x1.png\" \/><div class=\"wpcr3_aggregateRating\"><span class=\"wpcr3_aggregateRating_overallText\">Note moyenne : <\/span>&nbsp;<div class=\"wpcr3_aggregateRating_ratingValue\"><div class=\"wpcr3_rating_style1\"><div class=\"wpcr3_rating_style1_base\"><div class=\"wpcr3_rating_style1_average\" style=\"width:0%;\"><\/div><\/div><\/div><\/div>&nbsp;<span class=\"wpcr3_aggregateRating_reviewCount\">0 avis<\/span><\/div><\/div><\/div><\/div><\/div><\/div>","protected":false},"excerpt":{"rendered":"<p>Overview Discover Nubian culture on a private day tour to Aswan\u00a0 with an Egyptologist guide. Visit the Aswan High Dam, Temple of Philae, and the unfinished obelisk. Savor lunch in a local restaurant, and enjoy included hotel pickup and drop-off. Tour Highlights Full-day Aswan trip from Hurghada Visit top sites with a local guide Visiting [&hellip;]<\/p>","protected":false},"featured_media":12589,"comment_status":"closed","ping_status":"closed","template":"","meta":{"om_disable_all_campaigns":false},"product_brand":[],"product_cat":[46],"product_tag":[53,55,54],"class_list":{"0":"post-4609","1":"product","2":"type-product","3":"status-publish","4":"has-post-thumbnail","6":"product_cat-cultural-trips","7":"product_tag-aswan","8":"product_tag-aswan-ausflug","9":"product_tag-aswan-trip","11":"first","12":"instock","13":"sale","14":"shipping-taxable","15":"purchasable","16":"product-type-ovabrw_car_rental"},"aioseo_notices":[],"_links":{"self":[{"href":"https:\/\/yallahurghada.com\/fr\/wp-json\/wp\/v2\/product\/4609","targetHints":{"allow":["GET"]}}],"collection":[{"href":"https:\/\/yallahurghada.com\/fr\/wp-json\/wp\/v2\/product"}],"about":[{"href":"https:\/\/yallahurghada.com\/fr\/wp-json\/wp\/v2\/types\/product"}],"replies":[{"embeddable":true,"href":"https:\/\/yallahurghada.com\/fr\/wp-json\/wp\/v2\/comments?post=4609"}],"wp:featuredmedia":[{"embeddable":true,"href":"https:\/\/yallahurghada.com\/fr\/wp-json\/wp\/v2\/media\/12589"}],"wp:attachment":[{"href":"https:\/\/yallahurghada.com\/fr\/wp-json\/wp\/v2\/media?parent=4609"}],"wp:term":[{"taxonomy":"product_brand","embeddable":true,"href":"https:\/\/yallahurghada.com\/fr\/wp-json\/wp\/v2\/product_brand?post=4609"},{"taxonomy":"product_cat","embeddable":true,"href":"https:\/\/yallahurghada.com\/fr\/wp-json\/wp\/v2\/product_cat?post=4609"},{"taxonomy":"product_tag","embeddable":true,"href":"https:\/\/yallahurghada.com\/fr\/wp-json\/wp\/v2\/product_tag?post=4609"}],"curies":[{"name":"wp","href":"https:\/\/api.w.org\/{rel}","templated":true}]}}