{"id":4388,"date":"2022-08-09T03:56:32","date_gmt":"2022-08-09T03:56:32","guid":{"rendered":"https:\/\/demo.ovatheme.com\/tripgo\/?post_type=product&#038;p=4388"},"modified":"2026-04-15T11:24:28","modified_gmt":"2026-04-15T11:24:28","slug":"luxor-one-day","status":"publish","type":"product","link":"https:\/\/yallahurghada.com\/fr\/produit\/luxor-one-day\/","title":{"rendered":"Excursions d'une journ\u00e9e de Louxor"},"content":{"rendered":"<h5>\n<table id=\"tablepress-2\" class=\"tablepress tablepress-id-2\">\n<thead>\n<tr class=\"row-1\">\n\t<th class=\"column-1\">Nombre de passagers<br \/>\n<\/th><th class=\"column-2\">V\u00e9hicule<br \/>\n<\/th><th class=\"column-3\">Prix<br \/>\n<\/th>\n<\/tr>\n<\/thead>\n<tbody class=\"row-striping row-hover\">\n<tr class=\"row-2\">\n\t<td class=\"column-1\">Groupe priv\u00e9 1-2 personnes<br \/>\n<\/td><td class=\"column-2\">LIMO<br \/>\n<\/td><td class=\"column-3\">189 Euro<br \/>\n<\/td>\n<\/tr>\n<tr class=\"row-3\">\n\t<td class=\"column-1\">Groupe priv\u00e9 3-4 personnes<br \/>\n<\/td><td class=\"column-2\">MINI BUS<br \/>\n<\/td><td class=\"column-3\">169 Euro<br \/>\n<\/td>\n<\/tr>\n<tr class=\"row-4\">\n\t<td class=\"column-1\">Groupe priv\u00e9 5-6 personnes<br \/>\n<\/td><td class=\"column-2\">MINI BUS<br \/>\n<\/td><td class=\"column-3\">149 Euro<br \/>\n<\/td>\n<\/tr>\n<\/tbody>\n<\/table>\n<!-- #tablepress-2 from cache --><\/h5>\n<h2>Overview<\/h2>\n<div data-track=\"overview\" data-v-682f2170=\"\">\n<section id=\"activity-overview\" class=\"activity-overview\" data-component=\"overview\" data-v-316219c4=\"\" data-v-682f2170=\"\">\n<p class=\"activity-overview__content activity-overview__content--certified\" data-test-id=\"activity-overview-content\" data-v-316219c4=\"\"><strong>Visitez les monuments de Louxor lors d'une excursion d'une journ\u00e9e. Profitez de l'occasion pour d\u00e9couvrir la capitale des Pharaons et son impressionnant h\u00e9ritage architectural : le Temple de Karnak, la Vall\u00e9e des Rois, les Colosses de Memnon et le Temple de Hatchepsout.<\/strong><\/p>\n<\/section>\n<\/div>\n<div data-track=\"key-details\" data-v-682f2170=\"\"><\/div>\n<div class=\"tour-include\"><\/div>\n<p>\"Points forts de la tourn\u00e9e\"<\/p>\n<ul>\n<li>Excursion d'une journ\u00e9e compl\u00e8te \u00e0 Louxor depuis Hurghada<\/li>\n<li>Visitez les principaux sites avec un guide local<\/li>\n<li>Descendez dans les tombes souterraines de la Vall\u00e9e des Rois<\/li>\n<li>Promenez-vous parmi les colonnes peintes du Temple de Karnak<\/li>\n<li>Ramassage et d\u00e9p\u00f4t \u00e0 l'h\u00f4tel \u00e0 Hurghada<\/li>\n<li>Inclut toutes les frais d'entr\u00e9e et le d\u00e9jeuner\"<\/li>\n<\/ul>","protected":false},"excerpt":{"rendered":"<p>Overview Visit the monuments of Luxor on a day\u2019s excursion. Take the chance to visit the capital of the Pharaohs and its impressive architectural legacy: the Karnak Temple, Valley of the Kings, Colossi of Memnon, and Temple of Hatshepsut. Tour Highlights Full-day Luxor trip from Hurghada Visit top sites with a local guide Descend into [&hellip;]<\/p>","protected":false},"featured_media":12587,"comment_status":"closed","ping_status":"closed","template":"","meta":{"om_disable_all_campaigns":false},"product_brand":[],"product_cat":[46,45],"product_tag":[50,52,51],"class_list":{"0":"post-4388","1":"product","2":"type-product","3":"status-publish","4":"has-post-thumbnail","6":"product_cat-cultural-trips","7":"product_cat-daily-trips","8":"product_tag-luxor","9":"product_tag-luxor-ausflug","10":"product_tag-luxor-trip","12":"first","13":"instock","14":"sale","15":"shipping-taxable","16":"purchasable","17":"product-type-ovabrw_car_rental"},"aioseo_notices":[],"_links":{"self":[{"href":"https:\/\/yallahurghada.com\/fr\/wp-json\/wp\/v2\/product\/4388","targetHints":{"allow":["GET"]}}],"collection":[{"href":"https:\/\/yallahurghada.com\/fr\/wp-json\/wp\/v2\/product"}],"about":[{"href":"https:\/\/yallahurghada.com\/fr\/wp-json\/wp\/v2\/types\/product"}],"replies":[{"embeddable":true,"href":"https:\/\/yallahurghada.com\/fr\/wp-json\/wp\/v2\/comments?post=4388"}],"wp:featuredmedia":[{"embeddable":true,"href":"https:\/\/yallahurghada.com\/fr\/wp-json\/wp\/v2\/media\/12587"}],"wp:attachment":[{"href":"https:\/\/yallahurghada.com\/fr\/wp-json\/wp\/v2\/media?parent=4388"}],"wp:term":[{"taxonomy":"product_brand","embeddable":true,"href":"https:\/\/yallahurghada.com\/fr\/wp-json\/wp\/v2\/product_brand?post=4388"},{"taxonomy":"product_cat","embeddable":true,"href":"https:\/\/yallahurghada.com\/fr\/wp-json\/wp\/v2\/product_cat?post=4388"},{"taxonomy":"product_tag","embeddable":true,"href":"https:\/\/yallahurghada.com\/fr\/wp-json\/wp\/v2\/product_tag?post=4388"}],"curies":[{"name":"wp","href":"https:\/\/api.w.org\/{rel}","templated":true}]}}