{"id":4817,"date":"2022-11-03T23:01:38","date_gmt":"2022-11-03T23:01:38","guid":{"rendered":"https:\/\/pharaohreisen.com\/?post_type=product&#038;p=4817"},"modified":"2026-04-15T12:18:33","modified_gmt":"2026-04-15T12:18:33","slug":"parasailing-adventure","status":"publish","type":"product","link":"https:\/\/yallahurghada.com\/de\/produkt\/parasailing-adventure\/","title":{"rendered":"Parasailing-Abenteuer"},"content":{"rendered":"<h2>\u00dcbersicht<\/h2>\n<div data-track=\"overview\" data-v-682f2170=\"\">\n<section id=\"activity-overview\" class=\"activity-overview\" data-component=\"overview\" data-v-316219c4=\"\" data-v-682f2170=\"\">Fliegen Sie bei diesem Parasailing-Erlebnis in Hurghada 200 Fu\u00df \u00fcber das Rote Meer. Fliegen Sie allein oder mit bis zu 3 Freunden im Wind hinter einem Boot und lassen Sie sich von Ihrer Unterkunft in Hurghada abholen.<\/p>\n<h3 class=\"activity-overview__content activity-overview__content--certified\" data-test-id=\"activity-overview-content\"><strong>Tour Highlights<\/strong><\/h3>\n<\/section>\n<\/div>\n<ul>\n<li>Sp\u00fcren Sie den Adrenalinsto\u00df, wenn Sie hinter einem schnell fahrenden Boot durch die Luft schweben<\/li>\n<li>Entdecken Sie die weitl\u00e4ufige Sch\u00f6nheit des Roten Meeres und die raue W\u00fcste von Hurghada<\/li>\n<li>Fliege alleine durch die Luft oder schlie\u00dfe dich mit 1 oder 2 Freunden zusammen und teile das Erlebnis<\/li>\n<li>Parasail f\u00fcr bis zu 15 Minuten in einer furchterregenden und aufregenden H\u00f6he von 200 Fu\u00df<\/li>\n<li>Genie\u00dfen Sie den Wind, der Ihnen um die Nase weht, und sp\u00fcren Sie die Gischt auf Ihrem Gesicht.<\/li>\n<\/ul>","protected":false},"excerpt":{"rendered":"<p>Overview Fly 200 feet over the Red Sea on this parasailing experience in Hurghada. Fly solo or with up to 3 friends, soaring in the wind behind a boat and enjoy hotel pickup from your Hurghada accommodation. Tour Highlights Feel the adrenaline rush of soaring through the air behind a fast-moving boat Discover the expansive [&hellip;]<\/p>","protected":false},"featured_media":12625,"comment_status":"closed","ping_status":"closed","template":"","meta":{"om_disable_all_campaigns":false},"product_brand":[],"product_cat":[45,43],"product_tag":[80,62,77,78,79],"class_list":{"0":"post-4817","1":"product","2":"type-product","3":"status-publish","4":"has-post-thumbnail","6":"product_cat-daily-trips","7":"product_cat-sea-trips","8":"product_tag-adventure","9":"product_tag-orange-bay","10":"product_tag-paradise-island","11":"product_tag-parasailing","12":"product_tag-parasailing-adventure","14":"first","15":"instock","16":"sale","17":"shipping-taxable","18":"purchasable","19":"product-type-ovabrw_car_rental"},"aioseo_notices":[],"_links":{"self":[{"href":"https:\/\/yallahurghada.com\/de\/wp-json\/wp\/v2\/product\/4817","targetHints":{"allow":["GET"]}}],"collection":[{"href":"https:\/\/yallahurghada.com\/de\/wp-json\/wp\/v2\/product"}],"about":[{"href":"https:\/\/yallahurghada.com\/de\/wp-json\/wp\/v2\/types\/product"}],"replies":[{"embeddable":true,"href":"https:\/\/yallahurghada.com\/de\/wp-json\/wp\/v2\/comments?post=4817"}],"wp:featuredmedia":[{"embeddable":true,"href":"https:\/\/yallahurghada.com\/de\/wp-json\/wp\/v2\/media\/12625"}],"wp:attachment":[{"href":"https:\/\/yallahurghada.com\/de\/wp-json\/wp\/v2\/media?parent=4817"}],"wp:term":[{"taxonomy":"product_brand","embeddable":true,"href":"https:\/\/yallahurghada.com\/de\/wp-json\/wp\/v2\/product_brand?post=4817"},{"taxonomy":"product_cat","embeddable":true,"href":"https:\/\/yallahurghada.com\/de\/wp-json\/wp\/v2\/product_cat?post=4817"},{"taxonomy":"product_tag","embeddable":true,"href":"https:\/\/yallahurghada.com\/de\/wp-json\/wp\/v2\/product_tag?post=4817"}],"curies":[{"name":"wp","href":"https:\/\/api.w.org\/{rel}","templated":true}]}}