{"id":5052,"date":"2022-11-08T23:11:13","date_gmt":"2022-11-08T23:11:13","guid":{"rendered":"https:\/\/pharaohreisen.com\/?post_type=product&#038;p=5052"},"modified":"2026-04-16T13:37:43","modified_gmt":"2026-04-16T13:37:43","slug":"city-tour-el-gouna","status":"publish","type":"product","link":"https:\/\/yallahurghada.com\/bg\/produkt\/city-tour-el-gouna\/","title":{"rendered":"\"\u0413\u0440\u0430\u0434\u0441\u043a\u0438 \u0442\u0443\u0440 \u0432 \u0415\u043b-\u0413\u0443\u043d\u0430\""},"content":{"rendered":"<h2>\u041f\u0440\u0435\u0433\u043b\u0435\u0434<\/h2>\n<div data-track=\"overview\" data-v-682f2170=\"\">\n<section id=\"activity-overview\" class=\"activity-overview\" data-component=\"overview\" data-v-316219c4=\"\" data-v-682f2170=\"\">\n<div data-track=\"overview\" data-v-518fc7ba=\"\">\n<section id=\"activity-overview\" class=\"activity-overview\" data-component=\"overview\" data-v-316219c4=\"\" data-v-518fc7ba=\"\">\n<p class=\"activity-overview__content\" data-test-id=\"activity-overview-content\" data-v-316219c4=\"\">\u041f\u043e\u0441\u0435\u0442\u0435\u0442\u0435 \u0441 \u043d\u0430\u0441 \u043a\u0440\u0430\u0441\u0438\u0432\u0438\u044f \u043a\u0443\u0440\u043e\u0440\u0442 \u043d\u0430 \u0415\u043b \u0413\u0443\u043d\u0430. \u0415\u043b \u0413\u0443\u043d\u0430 \u0435 \u0438\u0437\u0433\u0440\u0430\u0434\u0435\u043d \u043d\u0430 \u0431\u0440\u0435\u0433\u0430 \u043d\u0430 \u0427\u0435\u0440\u0432\u0435\u043d\u043e \u043c\u043e\u0440\u0435 \u043d\u0430 \u043c\u0430\u043b\u043a\u0438 \u043e\u0441\u0442\u0440\u043e\u0432\u0438 \u0438 \u0435 \u0438\u0437\u0432\u0435\u0441\u0442\u0435\u043d \u0441\u044a\u0441 \u0441\u0432\u043e\u0438\u0442\u0435 \u043a\u0440\u0430\u0441\u0438\u0432\u0438 \u043f\u043b\u0430\u0436\u043e\u0432\u0435 \u0438 \u0440\u0438\u0444\u043e\u0432\u0435. \u0412\u0435\u0440\u043e\u044f\u0442\u043d\u043e \u043d\u0430\u0439-\u043a\u0440\u0430\u0441\u0438\u0432\u043e\u0442\u043e \u043c\u044f\u0441\u0442\u043e \u0437\u0430 \u043f\u0440\u0435\u0441\u0442\u043e\u0439 \u0435 \u043c\u0430\u0440\u0438\u043d\u0430\u0442\u0430 \u0441 \u044f\u0445\u0442\u0438\u0442\u0435 \u0438 \u043f\u0440\u0438\u044f\u0442\u043d\u0438\u0442\u0435 \u0441\u0438 \u043a\u0430\u0444\u0435\u0442\u0430 \u0438 \u0431\u0430\u0440\u043e\u0432\u0435. \u0429\u0435 \u043f\u044a\u0442\u0443\u0432\u0430\u0442\u0435 \u0437\u0430 1 \u0447\u0430\u0441 \u0441 \u043b\u043e\u0434\u043a\u0430 \u043f\u0440\u0435\u0437 \u043b\u0430\u0433\u0443\u043d\u0438\u0442\u0435 \u0438 \u0449\u0435 \u0438\u0437\u043f\u0438\u0442\u0430\u0442\u0435 \u0443\u043d\u0438\u043a\u0430\u043b\u043d\u0430\u0442\u0430 \u0430\u0442\u043c\u043e\u0441\u0444\u0435\u0440\u0430 \u043d\u0430 \u043c\u044f\u0441\u0442\u043e\u0442\u043e. \u0421\u043b\u0435\u0434 \u0442\u043e\u0432\u0430 \u043f\u043e\u0441\u0435\u0442\u0435\u0442\u0435 \u041c\u0430\u0440\u0438\u043d\u0430\u0442\u0430, \u0434\u0436\u0430\u043c\u0438\u044f\u0442\u0430 \u0438 \u043d\u0430\u0441\u043b\u0430\u0434\u0435\u0442\u0435 \u0441\u0435 \u043d\u0430 \u0437\u0430\u0434\u044a\u0445\u0432\u0430\u0449\u0438\u044f \u0438\u0437\u0433\u043b\u0435\u0434 \u043e\u0442 \u043a\u0443\u043b\u0430\u0442\u0430 \u043d\u0430 \u0415\u043b \u0413\u0443\u043d\u0430.<\/p>\n<div class=\"col-md-7\">\n<p class=\"p2-text space\">\u0415\u043b \u0413\u0443\u043d\u0430 \u0435 \u043d\u0435\u0441\u044a\u043c\u043d\u0435\u043d\u043e \u0431\u0438\u0436\u0443\u0442\u0430 \u043d\u0430 \u0431\u0440\u0435\u0433\u0430 \u043d\u0430 \u0427\u0435\u0440\u0432\u0435\u043d\u043e \u043c\u043e\u0440\u0435, \u0424\u0440\u0435\u043d\u0441\u043a\u0430\u0442\u0430 \u0420\u0438\u0432\u0438\u0435\u0440\u0430 \u043d\u0430 \u0415\u0433\u0438\u043f\u0435\u0442, \u043a\u044a\u0434\u0435\u0442\u043e \u043a\u0440\u0430\u0441\u0438\u0432\u0438\u0442\u0435 \u044f\u0445\u0442\u0438 \u0438 \u0443\u043d\u0438\u043a\u0430\u043b\u043d\u0430\u0442\u0430 \u0430\u0440\u0445\u0438\u0442\u0435\u043a\u0442\u0443\u0440\u0430 \u0432\u0438 \u043f\u0440\u0430\u0432\u044f\u0442 \u0434\u0430 \u0441\u0435 \u0447\u0443\u0432\u0441\u0442\u0432\u0430\u0442\u0435 \u043a\u0430\u0442\u043e \u0447\u0435 \u0432\u044a\u0440\u0432\u0438\u0442\u0435 \u0432 \u043f\u043e\u0449\u0435\u043d\u0441\u043a\u0430 \u043a\u0430\u0440\u0442\u0438\u0447\u043a\u0430. \u0413\u0440\u0430\u0434\u044a\u0442 \u0435 \u043e\u0441\u043d\u043e\u0432\u0430\u043d \u043e\u0442 \u0442\u044a\u0440\u0433\u043e\u0432\u0435\u0446\u0430 \u043d\u0430 \u0442\u0435\u043b\u0435\u043a\u043e\u043c\u0443\u043d\u0438\u043a\u0430\u0446\u0438\u0438 \u0421\u0430\u043c\u0438\u0440 \u0421\u0430\u0432\u0438\u0440\u0435\u0441, \u043a\u043e\u0439\u0442\u043e \u0438\u043c\u0430\u0448\u0435 \u0432\u0438\u0437\u0438\u044f \u0434\u0430 \u0438\u0437\u0433\u0440\u0430\u0434\u0438 \u043f\u0435\u0440\u0444\u0435\u043a\u0442\u0435\u043d \u0433\u0440\u0430\u0434 \u0437\u0430 \u043f\u043e\u0447\u0438\u0432\u043a\u0430. \u0418 \u0442\u043e\u0432\u0430 \u0435 \u0442\u043e\u0432\u0430, \u043a\u043e\u0435\u0442\u043e \u0442\u043e\u0439 \u043d\u0430\u043f\u0440\u0430\u0432\u0438.<\/p>\n<\/div>\n<h3 class=\"activity-overview__content\" data-test-id=\"activity-overview-content\">\"\u0425\u0430\u0439\u043b\u0430\u0439\u0442\u0438 \u043d\u0430 \u0415\u043a\u0441\u043a\u0443\u0440\u0437\u0438\u044f\u0442\u0430<\/h3>\n<\/section>\n<\/div>\n<\/section>\n<\/div>\n<ul>\n<li>\"\u041d\u0430\u0441\u043b\u0430\u0434\u0435\u0442\u0435 \u0441\u0435 \u043d\u0430 \u0440\u044a\u043a\u043e\u0432\u043e\u0434\u0435\u043d \u0433\u0440\u0430\u0434\u0441\u043a\u0438 \u0442\u0443\u0440 \u043d\u0430 \u0415\u043b \u0413\u0443\u043d\u0430<\/li>\n<li>\u0412\u044a\u0437\u0445\u0438\u0449\u0430\u0432\u0430\u0439\u0442\u0435 \u0441\u0435 \u043d\u0430 \u044f\u0445\u0442\u0438\u0442\u0435 \u0432 \u043c\u0430\u0440\u0438\u043d\u0430\u0442\u0430 \u0410\u0431\u0443 \u0422\u0438\u0433<\/li>\n<li>\u0412\u043b\u0435\u0437\u0442\u0435 \u0432 \u043a\u0443\u043b\u0430\u0442\u0430 \u043d\u0430 \u0415\u043b \u0413\u0443\u043d\u0430 \u0438 \u043d\u0430\u0441\u043b\u0430\u0434\u0435\u0442\u0435 \u0441\u0435 \u043d\u0430 \u043a\u0440\u0430\u0441\u0438\u0432\u0438\u0442\u0435 \u0433\u043b\u0435\u0434\u043a\u0438 \u043a\u044a\u043c \u043e\u043a\u043e\u043b\u043d\u0430\u0442\u0430 \u043e\u0431\u043b\u0430\u0441\u0442<\/li>\n<li>\u041f\u043e\u0441\u0435\u0442\u0435\u0442\u0435 \u0430\u043a\u0432\u0430\u0440\u0438\u0443\u043c\u0430 \u043d\u0430 \u0415\u043b \u0413\u0443\u043d\u0430 \u0438 \u043f\u043b\u043e\u0449\u0430\u0434 \u0422\u0430\u043c\u0440 \u0425\u0435\u043d\u0430<\/li>\n<li>\u041a\u0430\u0442\u0430\u0439\u0442\u0435 \u0441\u0435 \u043c\u0435\u0436\u0434\u0443 \u0436\u0438\u0432\u043e\u043f\u0438\u0441\u043d\u0438\u0442\u0435 \u043b\u0430\u0433\u0443\u043d\u0438 \u043d\u0430 \u0415\u043b \u0413\u0443\u043d\u0430\"<\/li>\n<\/ul>\n<div data-wpcr3-content=\"-1\"><div class='wpcr3_respond_1' data-ajaxurl='[\"https:||yallahurghada\",\"com|wp-admin|admin-ajax\",\"php?action=wpcr3-ajax\"]' data-on-postid='5052'data-postid='-1'><div class=\"wpcr3_reviews_holder\"><div class=\"wpcr3_review_item\"><div class=\"wpcr3_item wpcr3_business\" itemscope itemtype=\"https:\/\/schema.org\/LocalBusiness\"><meta itemprop=\"name\" content=\"Yalla Hurghada\" \/><meta itemprop=\"url\" content=\"https:\/\/yallahurghada.com\/bg\" \/><meta itemprop=\"image\" content=\"https:\/\/yallahurghada.com\/wp-content\/plugins\/wp-customer-reviews\/css\/1x1.png\" \/><div class=\"wpcr3_dotline\"><\/div><div id=\"wpcr3_id_5296\" class=\"wpcr3_review\" itemprop=\"review\" itemscope itemtype=\"https:\/\/schema.org\/Review\"><div class=\"wpcr3_hide\" itemprop=\"author\" itemscope itemtype=\"https:\/\/schema.org\/Person\"><div itemprop=\"name\">Afaf Reslan<\/div><\/div><div class=\"wpcr3_hide\" itemprop=\"reviewRating\" itemscope itemtype=\"https:\/\/schema.org\/Rating\"><meta itemprop=\"bestRating\" content=\"5\" \/><meta itemprop=\"worstRating\" content=\"1\" \/><meta itemprop=\"ratingValue\" content=\"5\" \/><\/div><div class=\"wpcr3_review_ratingValue\"><div class=\"wpcr3_rating_style1\"><div class=\"wpcr3_rating_style1_base\"><div class=\"wpcr3_rating_style1_average\" style=\"width:100%;\"><\/div><\/div><\/div><\/div><div class=\"wpcr3_review_datePublished\" itemprop=\"datePublished\">Jan 7, 2023<\/div><div class=\"wpcr3_review_author\">&nbsp;by&nbsp;<span class=\"wpcr3_caps\">Afaf Reslan<\/span>&nbsp;on&nbsp;<span class=\"wpcr3_item_name\"><a href=\"https:\/\/yallahurghada.com\/bg\/produkt\/city-tour-hurghada\/\">Yalla Hurghada<\/a><\/span><\/div><div class=\"wpcr3_clear\"><\/div><div class=\"wpcr3_review_title wpcr3_caps\">Super Zufrieden<\/div><div class=\"wpcr3_clear\"><\/div><blockquote class=\"wpcr3_content\" itemprop=\"reviewBody\"><p>Sehr freundlich! Ich bin sehr zufrieden und kann die Seite nur weiterempfehlen!<\/p><\/blockquote><\/div><\/div><\/div><div class=\"wpcr3_review_item\"><div class=\"wpcr3_item wpcr3_business\" itemscope itemtype=\"https:\/\/schema.org\/LocalBusiness\"><meta itemprop=\"name\" content=\"Yalla Hurghada\" \/><meta itemprop=\"url\" content=\"https:\/\/yallahurghada.com\/bg\" \/><meta itemprop=\"image\" content=\"https:\/\/yallahurghada.com\/wp-content\/plugins\/wp-customer-reviews\/css\/1x1.png\" \/><div class=\"wpcr3_dotline\"><\/div><div id=\"wpcr3_id_5295\" class=\"wpcr3_review\" itemprop=\"review\" itemscope itemtype=\"https:\/\/schema.org\/Review\"><div class=\"wpcr3_hide\" itemprop=\"author\" itemscope itemtype=\"https:\/\/schema.org\/Person\"><div itemprop=\"name\">Fatima<\/div><\/div><div class=\"wpcr3_hide\" itemprop=\"reviewRating\" itemscope itemtype=\"https:\/\/schema.org\/Rating\"><meta itemprop=\"bestRating\" content=\"5\" \/><meta itemprop=\"worstRating\" content=\"1\" \/><meta itemprop=\"ratingValue\" content=\"5\" \/><\/div><div class=\"wpcr3_review_ratingValue\"><div class=\"wpcr3_rating_style1\"><div class=\"wpcr3_rating_style1_base\"><div class=\"wpcr3_rating_style1_average\" style=\"width:100%;\"><\/div><\/div><\/div><\/div><div class=\"wpcr3_review_datePublished\" itemprop=\"datePublished\">Dec 24, 2022<\/div><div class=\"wpcr3_review_author\">&nbsp;by&nbsp;<span class=\"wpcr3_caps\">Fatima<\/span>&nbsp;on&nbsp;<span class=\"wpcr3_item_name\"><a href=\"https:\/\/yallahurghada.com\/bg\/produkt\/city-tour-hurghada\/\">Yalla Hurghada<\/a><\/span><\/div><div class=\"wpcr3_clear\"><\/div><div class=\"wpcr3_clear\"><\/div><blockquote class=\"wpcr3_content\" itemprop=\"reviewBody\"><p>Meine Freundin und ich haben uns spontan f\u00fcr eine Stadtrundfahrt entscheiden. Der Reisef\u00fchrer kannte sich sehr gut aus. Es hat sehr Spa\u00df gemacht und wir haben viel gelacht. Ich kann die Tour nur weiterempfehlen und w\u00fcrde das n\u00e4chste Mal auch wiederholen!<\/p><\/blockquote><\/div><\/div><\/div><div class=\"wpcr3_review_item\"><div class=\"wpcr3_item wpcr3_product\" itemscope itemtype=\"https:\/\/schema.org\/Product\"><meta itemprop=\"name\" content=\"Yalla Hurghada\" \/><meta itemprop=\"brand\" content=\"\" \/><meta itemprop=\"productID\" content=\"\" \/><meta itemprop=\"image\" content=\"https:\/\/yallahurghada.com\/wp-content\/plugins\/wp-customer-reviews\/css\/1x1.png\" \/><div class=\"wpcr3_dotline\"><\/div><div id=\"wpcr3_id_5294\" class=\"wpcr3_review\" itemprop=\"review\" itemscope itemtype=\"https:\/\/schema.org\/Review\"><div class=\"wpcr3_hide\" itemprop=\"author\" itemscope itemtype=\"https:\/\/schema.org\/Person\"><div itemprop=\"name\">Adrian Lukas<\/div><\/div><div class=\"wpcr3_hide\" itemprop=\"reviewRating\" itemscope itemtype=\"https:\/\/schema.org\/Rating\"><meta itemprop=\"bestRating\" content=\"5\" \/><meta itemprop=\"worstRating\" content=\"1\" \/><meta itemprop=\"ratingValue\" content=\"5\" \/><\/div><div class=\"wpcr3_review_ratingValue\"><div class=\"wpcr3_rating_style1\"><div class=\"wpcr3_rating_style1_base\"><div class=\"wpcr3_rating_style1_average\" style=\"width:100%;\"><\/div><\/div><\/div><\/div><div class=\"wpcr3_review_datePublished\" itemprop=\"datePublished\">Dec 24, 2022<\/div><div class=\"wpcr3_review_author\">&nbsp;by&nbsp;<span class=\"wpcr3_caps\">Adrian Lukas<\/span>&nbsp;on&nbsp;<span class=\"wpcr3_item_name\"><a href=\"https:\/\/yallahurghada.com\/bg\/produkt\/mahmya-island\/\">Yalla Hurghada<\/a><\/span><\/div><div class=\"wpcr3_clear\"><\/div><div class=\"wpcr3_review_title wpcr3_caps\">Mega Ausfl\u00fcge \ud83d\udc4c\ud83d\udc4c\ud83d\udc4c\ud83d\udc4c<\/div><div class=\"wpcr3_clear\"><\/div><blockquote class=\"wpcr3_content\" itemprop=\"reviewBody\"><p>Richtig perfekt Qualit\u00e4t und Best Preis \ud83d\udc4c\ud83d\udc4c\ud83d\udc4c\ud83d\udc4c<\/p><\/blockquote><\/div><\/div><\/div><div class=\"wpcr3_review_item\"><div class=\"wpcr3_item wpcr3_product\" itemscope itemtype=\"https:\/\/schema.org\/Product\"><meta itemprop=\"name\" content=\"Yalla Hurghada\" \/><meta itemprop=\"brand\" content=\"\" \/><meta itemprop=\"productID\" content=\"\" \/><meta itemprop=\"image\" content=\"https:\/\/yallahurghada.com\/wp-content\/plugins\/wp-customer-reviews\/css\/1x1.png\" \/><div class=\"wpcr3_dotline\"><\/div><div id=\"wpcr3_id_5292\" class=\"wpcr3_review\" itemprop=\"review\" itemscope itemtype=\"https:\/\/schema.org\/Review\"><div class=\"wpcr3_hide\" itemprop=\"author\" itemscope itemtype=\"https:\/\/schema.org\/Person\"><div itemprop=\"name\">Rgg<\/div><\/div><div class=\"wpcr3_hide\" itemprop=\"reviewRating\" itemscope itemtype=\"https:\/\/schema.org\/Rating\"><meta itemprop=\"bestRating\" content=\"5\" \/><meta itemprop=\"worstRating\" content=\"1\" \/><meta itemprop=\"ratingValue\" content=\"5\" \/><\/div><div class=\"wpcr3_review_ratingValue\"><div class=\"wpcr3_rating_style1\"><div class=\"wpcr3_rating_style1_base\"><div class=\"wpcr3_rating_style1_average\" style=\"width:100%;\"><\/div><\/div><\/div><\/div><div class=\"wpcr3_review_datePublished\" itemprop=\"datePublished\">Dec 15, 2022<\/div><div class=\"wpcr3_review_author\">&nbsp;by&nbsp;<span class=\"wpcr3_caps\">Rgg<\/span>&nbsp;on&nbsp;<span class=\"wpcr3_item_name\"><a href=\"https:\/\/yallahurghada.com\/bg\/produkt\/mahmya-island\/\">Yalla Hurghada<\/a><\/span><\/div><div class=\"wpcr3_clear\"><\/div><div class=\"wpcr3_review_title wpcr3_caps\">Perfect<\/div><div class=\"wpcr3_clear\"><\/div><blockquote class=\"wpcr3_content\" itemprop=\"reviewBody\"><p>Best of the best<\/p><\/blockquote><\/div><\/div><\/div><div class=\"wpcr3_review_item\"><\/div><\/div><\/div><\/div>","protected":false},"excerpt":{"rendered":"<p>Overview Visit with us the beautiful resort of El Gouna. El Gouna was built on the coast of the Red Sea on small islands and is known for his beautiful beaches and reefs. Probably the most beautiful place to stay is the marina with the yachts and his nice cafe&#8217;s and bars. You will sail [&hellip;]<\/p>","protected":false},"featured_media":12752,"comment_status":"closed","ping_status":"closed","template":"","meta":{"om_disable_all_campaigns":false},"product_brand":[],"product_cat":[46,45],"product_tag":[92,91,94,93],"class_list":{"0":"post-5052","1":"product","2":"type-product","3":"status-publish","4":"has-post-thumbnail","6":"product_cat-cultural-trips","7":"product_cat-daily-trips","8":"product_tag-city","9":"product_tag-city-tour","10":"product_tag-hurghada","11":"product_tag-tour","13":"first","14":"instock","15":"sale","16":"shipping-taxable","17":"purchasable","18":"product-type-ovabrw_car_rental"},"aioseo_notices":[],"_links":{"self":[{"href":"https:\/\/yallahurghada.com\/bg\/wp-json\/wp\/v2\/product\/5052","targetHints":{"allow":["GET"]}}],"collection":[{"href":"https:\/\/yallahurghada.com\/bg\/wp-json\/wp\/v2\/product"}],"about":[{"href":"https:\/\/yallahurghada.com\/bg\/wp-json\/wp\/v2\/types\/product"}],"replies":[{"embeddable":true,"href":"https:\/\/yallahurghada.com\/bg\/wp-json\/wp\/v2\/comments?post=5052"}],"wp:featuredmedia":[{"embeddable":true,"href":"https:\/\/yallahurghada.com\/bg\/wp-json\/wp\/v2\/media\/12752"}],"wp:attachment":[{"href":"https:\/\/yallahurghada.com\/bg\/wp-json\/wp\/v2\/media?parent=5052"}],"wp:term":[{"taxonomy":"product_brand","embeddable":true,"href":"https:\/\/yallahurghada.com\/bg\/wp-json\/wp\/v2\/product_brand?post=5052"},{"taxonomy":"product_cat","embeddable":true,"href":"https:\/\/yallahurghada.com\/bg\/wp-json\/wp\/v2\/product_cat?post=5052"},{"taxonomy":"product_tag","embeddable":true,"href":"https:\/\/yallahurghada.com\/bg\/wp-json\/wp\/v2\/product_tag?post=5052"}],"curies":[{"name":"wp","href":"https:\/\/api.w.org\/{rel}","templated":true}]}}